{"id":863,"date":"2020-05-21T20:11:29","date_gmt":"2020-05-21T18:11:29","guid":{"rendered":"https:\/\/to-na.si\/?page_id=863"},"modified":"2024-02-12T12:18:45","modified_gmt":"2024-02-12T11:18:45","slug":"dvigala-in-dvigala-na-gosenice","status":"publish","type":"page","link":"https:\/\/to-na.si\/en\/dvigala-in-dvigala-na-gosenice\/","title":{"rendered":"Lifts and spider lifts"},"content":{"rendered":"<div data-elementor-type=\"wp-post\" data-elementor-id=\"863\" class=\"elementor elementor-863\">\n\t\t\t\t\t\t<div class=\"elementor-inner\">\n\t\t\t\t<div class=\"elementor-section-wrap\">\n\t\t\t\t\t\t\t\t\t<section class=\"elementor-section elementor-top-section elementor-element elementor-element-7245a270 elementor-section-content-middle elementor-section-height-min-height elementor-section-boxed elementor-section-height-default elementor-section-items-middle\" data-id=\"7245a270\" data-element_type=\"section\" data-settings=\"{&quot;background_background&quot;:&quot;classic&quot;}\">\n\t\t\t\t\t\t\t<div class=\"elementor-background-overlay\"><\/div>\n\t\t\t\t\t\t\t<div class=\"elementor-container elementor-column-gap-no\">\n\t\t\t\t\t\t\t<div class=\"elementor-row\">\n\t\t\t\t\t<div class=\"elementor-column elementor-col-100 elementor-top-column elementor-element elementor-element-44a749e1\" data-id=\"44a749e1\" data-element_type=\"column\">\n\t\t\t<div class=\"elementor-column-wrap elementor-element-populated\">\n\t\t\t\t\t\t\t<div class=\"elementor-widget-wrap\">\n\t\t\t\t\t\t<div class=\"elementor-element elementor-element-467728e8 elementor-widget elementor-widget-heading\" data-id=\"467728e8\" data-element_type=\"widget\" data-widget_type=\"heading.default\">\n\t\t\t\t<div class=\"elementor-widget-container\">\n\t\t\t<h1 class=\"elementor-heading-title elementor-size-default\">Lifts and spider lifts<\/h1>\t\t<\/div>\n\t\t\t\t<\/div>\n\t\t\t\t\t\t<\/div>\n\t\t\t\t\t<\/div>\n\t\t<\/div>\n\t\t\t\t\t\t\t\t<\/div>\n\t\t\t\t\t<\/div>\n\t\t<\/section>\n\t\t\t\t<section class=\"elementor-section elementor-top-section elementor-element elementor-element-3c8d12a elementor-section-boxed elementor-section-height-default elementor-section-height-default\" data-id=\"3c8d12a\" data-element_type=\"section\">\n\t\t\t\t\t\t<div class=\"elementor-container elementor-column-gap-default\">\n\t\t\t\t\t\t\t<div class=\"elementor-row\">\n\t\t\t\t\t<div class=\"elementor-column elementor-col-100 elementor-top-column elementor-element elementor-element-12b9958\" data-id=\"12b9958\" data-element_type=\"column\">\n\t\t\t<div class=\"elementor-column-wrap\">\n\t\t\t\t\t\t\t<div class=\"elementor-widget-wrap\">\n\t\t\t\t\t\t\t\t<\/div>\n\t\t\t\t\t<\/div>\n\t\t<\/div>\n\t\t\t\t\t\t\t\t<\/div>\n\t\t\t\t\t<\/div>\n\t\t<\/section>\n\t\t\t\t<section class=\"elementor-section elementor-top-section elementor-element elementor-element-caa9580 elementor-section-content-top elementor-section-boxed elementor-section-height-default elementor-section-height-default\" data-id=\"caa9580\" data-element_type=\"section\" data-settings=\"{&quot;background_background&quot;:&quot;classic&quot;}\">\n\t\t\t\t\t\t<div class=\"elementor-container elementor-column-gap-no\">\n\t\t\t\t\t\t\t<div class=\"elementor-row\">\n\t\t\t\t\t<div class=\"elementor-column elementor-col-50 elementor-top-column elementor-element elementor-element-146aace7\" data-id=\"146aace7\" data-element_type=\"column\">\n\t\t\t<div class=\"elementor-column-wrap elementor-element-populated\">\n\t\t\t\t\t\t\t<div class=\"elementor-widget-wrap\">\n\t\t\t\t\t\t<div class=\"elementor-element elementor-element-bfabc3 elementor-widget elementor-widget-heading\" data-id=\"bfabc3\" data-element_type=\"widget\" data-widget_type=\"heading.default\">\n\t\t\t\t<div class=\"elementor-widget-container\">\n\t\t\t<h3 class=\"elementor-heading-title elementor-size-default\">Contact us<\/h3>\t\t<\/div>\n\t\t\t\t<\/div>\n\t\t\t\t<div class=\"elementor-element elementor-element-32e9845a elementor-widget elementor-widget-text-editor\" data-id=\"32e9845a\" data-element_type=\"widget\" data-widget_type=\"text-editor.default\">\n\t\t\t\t<div class=\"elementor-widget-container\">\n\t\t\t\t\t\t\t\t<div class=\"elementor-text-editor elementor-clearfix\">\n\t\t\t\t<p>Do you have a question about a freight upgrading? Need service or repair for your vehicle? Do you have an idea you would like to implement but don\u2019t know how?<\/p>\n<p>Contact us and we'll find the solution together.<\/p>\t\t\t\t\t<\/div>\n\t\t\t\t\t\t<\/div>\n\t\t\t\t<\/div>\n\t\t\t\t<div class=\"elementor-element elementor-element-af68f2f elementor-widget elementor-widget-heading\" data-id=\"af68f2f\" data-element_type=\"widget\" data-widget_type=\"heading.default\">\n\t\t\t\t<div class=\"elementor-widget-container\">\n\t\t\t<h3 class=\"elementor-heading-title elementor-size-default\">Location<\/h3>\t\t<\/div>\n\t\t\t\t<\/div>\n\t\t\t\t<div class=\"elementor-element elementor-element-28fb0a88 elementor-align-left elementor-icon-list--layout-traditional elementor-list-item-link-full_width elementor-widget elementor-widget-icon-list\" data-id=\"28fb0a88\" data-element_type=\"widget\" data-widget_type=\"icon-list.default\">\n\t\t\t\t<div class=\"elementor-widget-container\">\n\t\t\t\t\t<ul class=\"elementor-icon-list-items\">\n\t\t\t\t\t\t\t<li class=\"elementor-icon-list-item\">\n\t\t\t\t\t\t\t\t\t\t\t<a href=\"https:\/\/goo.gl\/maps\/uXR1UkrJ5QVh4Dww9\">\n\n\t\t\t\t\t\t\t\t\t\t\t\t<span class=\"elementor-icon-list-icon\">\n\t\t\t\t\t\t\t<i aria-hidden=\"true\" class=\"fas fa-map-marker-alt\"><\/i>\t\t\t\t\t\t<\/span>\n\t\t\t\t\t\t\t\t\t\t<span class=\"elementor-icon-list-text\"><strong>Vogrsko, Workshop and Head Office<\/strong><\/span>\n\t\t\t\t\t\t\t\t\t\t\t<\/a>\n\t\t\t\t\t\t\t\t\t<\/li>\n\t\t\t\t\t\t\t\t<li class=\"elementor-icon-list-item\">\n\t\t\t\t\t\t\t\t\t\t\t<a href=\"https:\/\/goo.gl\/maps\/uXR1UkrJ5QVh4Dww9\">\n\n\t\t\t\t\t\t\t\t\t\t\t<span class=\"elementor-icon-list-text\">To-Na d.o.o., 5293 Vol\u010dja Draga, Slovenia<\/span>\n\t\t\t\t\t\t\t\t\t\t\t<\/a>\n\t\t\t\t\t\t\t\t\t<\/li>\n\t\t\t\t\t\t<\/ul>\n\t\t\t\t<\/div>\n\t\t\t\t<\/div>\n\t\t\t\t<div class=\"elementor-element elementor-element-7a84664 elementor-align-left elementor-icon-list--layout-traditional elementor-list-item-link-full_width elementor-widget elementor-widget-icon-list\" data-id=\"7a84664\" data-element_type=\"widget\" data-widget_type=\"icon-list.default\">\n\t\t\t\t<div class=\"elementor-widget-container\">\n\t\t\t\t\t<ul class=\"elementor-icon-list-items\">\n\t\t\t\t\t\t\t<li class=\"elementor-icon-list-item\">\n\t\t\t\t\t\t\t\t\t\t\t<a href=\"https:\/\/goo.gl\/maps\/uXR1UkrJ5QVh4Dww9\">\n\n\t\t\t\t\t\t\t\t\t\t\t\t<span class=\"elementor-icon-list-icon\">\n\t\t\t\t\t\t\t<i aria-hidden=\"true\" class=\"fas fa-map-marker-alt\"><\/i>\t\t\t\t\t\t<\/span>\n\t\t\t\t\t\t\t\t\t\t<span class=\"elementor-icon-list-text\"><strong>Company Address<\/strong><\/span>\n\t\t\t\t\t\t\t\t\t\t\t<\/a>\n\t\t\t\t\t\t\t\t\t<\/li>\n\t\t\t\t\t\t\t\t<li class=\"elementor-icon-list-item\">\n\t\t\t\t\t\t\t\t\t\t\t<a href=\"https:\/\/goo.gl\/maps\/phFcJnHBSGCYPTwh7\">\n\n\t\t\t\t\t\t\t\t\t\t\t<span class=\"elementor-icon-list-text\">Bratu\u017eeva ulica 18, 5290 \u0160empeter, Slovenia<\/span>\n\t\t\t\t\t\t\t\t\t\t\t<\/a>\n\t\t\t\t\t\t\t\t\t<\/li>\n\t\t\t\t\t\t<\/ul>\n\t\t\t\t<\/div>\n\t\t\t\t<\/div>\n\t\t\t\t<div class=\"elementor-element elementor-element-491d173 elementor-widget elementor-widget-heading\" data-id=\"491d173\" data-element_type=\"widget\" data-widget_type=\"heading.default\">\n\t\t\t\t<div class=\"elementor-widget-container\">\n\t\t\t<h3 class=\"elementor-heading-title elementor-size-default\">Call us<\/h3>\t\t<\/div>\n\t\t\t\t<\/div>\n\t\t\t\t<div class=\"elementor-element elementor-element-2744f9fc elementor-align-left elementor-icon-list--layout-traditional elementor-list-item-link-full_width elementor-widget elementor-widget-icon-list\" data-id=\"2744f9fc\" data-element_type=\"widget\" data-widget_type=\"icon-list.default\">\n\t\t\t\t<div class=\"elementor-widget-container\">\n\t\t\t\t\t<ul class=\"elementor-icon-list-items\">\n\t\t\t\t\t\t\t<li class=\"elementor-icon-list-item\">\n\t\t\t\t\t\t\t\t\t\t\t<a href=\"tel: 38653303491\">\n\n\t\t\t\t\t\t\t\t\t\t\t<span class=\"elementor-icon-list-text\"><strong>Phone<\/strong>  +386 5 330 34 91<\/span>\n\t\t\t\t\t\t\t\t\t\t\t<\/a>\n\t\t\t\t\t\t\t\t\t<\/li>\n\t\t\t\t\t\t\t\t<li class=\"elementor-icon-list-item\">\n\t\t\t\t\t\t\t\t\t\t\t<a href=\"tel: 38653303490\">\n\n\t\t\t\t\t\t\t\t\t\t\t<span class=\"elementor-icon-list-text\"><strong>Phone<\/strong>  +386 5 330 34 90<\/span>\n\t\t\t\t\t\t\t\t\t\t\t<\/a>\n\t\t\t\t\t\t\t\t\t<\/li>\n\t\t\t\t\t\t\t\t<li class=\"elementor-icon-list-item\">\n\t\t\t\t\t\t\t\t\t\t\t<a href=\"fax:. 38653303492\">\n\n\t\t\t\t\t\t\t\t\t\t\t<span class=\"elementor-icon-list-text\"><strong>Fax<\/strong> +386 5 330 34 92<\/span>\n\t\t\t\t\t\t\t\t\t\t\t<\/a>\n\t\t\t\t\t\t\t\t\t<\/li>\n\t\t\t\t\t\t\t\t<li class=\"elementor-icon-list-item\">\n\t\t\t\t\t\t\t\t\t\t\t<a href=\"mailto:info@to-na.si\">\n\n\t\t\t\t\t\t\t\t\t\t\t<span class=\"elementor-icon-list-text\"><strong>Email<\/strong> info@to-na.si<\/span>\n\t\t\t\t\t\t\t\t\t\t\t<\/a>\n\t\t\t\t\t\t\t\t\t<\/li>\n\t\t\t\t\t\t<\/ul>\n\t\t\t\t<\/div>\n\t\t\t\t<\/div>\n\t\t\t\t\t\t<\/div>\n\t\t\t\t\t<\/div>\n\t\t<\/div>\n\t\t\t\t<div class=\"elementor-column elementor-col-50 elementor-top-column elementor-element elementor-element-6f648655\" data-id=\"6f648655\" data-element_type=\"column\">\n\t\t\t<div class=\"elementor-column-wrap elementor-element-populated\">\n\t\t\t\t\t\t\t<div class=\"elementor-widget-wrap\">\n\t\t\t\t\t\t<div class=\"elementor-element elementor-element-352d55db elementor-widget elementor-widget-heading\" data-id=\"352d55db\" data-element_type=\"widget\" data-widget_type=\"heading.default\">\n\t\t\t\t<div class=\"elementor-widget-container\">\n\t\t\t<h3 class=\"elementor-heading-title elementor-size-default\">Send Enquiry<\/h3>\t\t<\/div>\n\t\t\t\t<\/div>\n\t\t\t\t<div class=\"elementor-element elementor-element-fb1f064 elementor-widget elementor-widget-text-editor\" data-id=\"fb1f064\" data-element_type=\"widget\" data-widget_type=\"text-editor.default\">\n\t\t\t\t<div class=\"elementor-widget-container\">\n\t\t\t\t\t\t\t\t<div class=\"elementor-text-editor elementor-clearfix\">\n\t\t\t\t<p><span style=\"font-weight: 400;\">For further information and questions please feel free to fill out the form below. We will reply as soon as possible.<\/span><\/p>\t\t\t\t\t<\/div>\n\t\t\t\t\t\t<\/div>\n\t\t\t\t<\/div>\n\t\t\t\t<div class=\"elementor-element elementor-element-25657d4a elementor-widget elementor-widget-shortcode\" data-id=\"25657d4a\" data-element_type=\"widget\" data-widget_type=\"shortcode.default\">\n\t\t\t\t<div class=\"elementor-widget-container\">\n\t\t\t\t\t<div class=\"elementor-shortcode\"><div class=\"wpforms-container\" id=\"wpforms-21\"><form id=\"wpforms-form-21\" class=\"wpforms-validate wpforms-form\" data-formid=\"21\" method=\"post\" enctype=\"multipart\/form-data\" action=\"\/en\/wp-json\/wp\/v2\/pages\/863\" data-token=\"68d37a945fbc78486353fbd696f19712\" data-trp-original-action=\"\/en\/wp-json\/wp\/v2\/pages\/863\"><noscript class=\"wpforms-error-noscript\">Please enable JavaScript in your browser to complete this form.<\/noscript><div class=\"wpforms-field-container\"><div id=\"wpforms-21-field_0-container\" class=\"wpforms-field wpforms-field-name\" data-field-id=\"0\"><label class=\"wpforms-field-label wpforms-label-hide\" for=\"wpforms-21-field_0\">Ime in priimek <span class=\"wpforms-required-label\">*<\/span><\/label><input type=\"text\" id=\"wpforms-21-field_0\" class=\"wpforms-field-large wpforms-field-required\" name=\"wpforms[fields][0]\" placeholder=\"Company \/ Name and Surname*\" required><\/div><div id=\"wpforms-21-field_1-container\" class=\"wpforms-field wpforms-field-email\" data-field-id=\"1\"><label class=\"wpforms-field-label wpforms-label-hide\" for=\"wpforms-21-field_1\">Email <span class=\"wpforms-required-label\">*<\/span><\/label><div class=\"wpforms-field-row wpforms-field-large\"><div class=\"wpforms-field-row-block wpforms-one-half wpforms-first\"><input type=\"email\" id=\"wpforms-21-field_1\" class=\"wpforms-field-required wpforms-field-email-primary\" name=\"wpforms[fields][1][primary]\" placeholder=\"Email*\" spellcheck=\"false\" required><label for=\"wpforms-21-field_1\" class=\"wpforms-field-sublabel after\">Email<\/label><\/div><div class=\"wpforms-field-row-block wpforms-one-half\"><input type=\"email\" id=\"wpforms-21-field_1-secondary\" class=\"wpforms-field-email-secondary wpforms-field-required\" data-rule-confirm=\"#wpforms-21-field_1\" name=\"wpforms[fields][1][secondary]\" spellcheck=\"false\" required><label for=\"wpforms-21-field_1-secondary\" class=\"wpforms-field-sublabel after\">Confirm Email<\/label><\/div><\/div><\/div><div id=\"wpforms-21-field_6-container\" class=\"wpforms-field wpforms-field-text\" data-field-id=\"6\"><label class=\"wpforms-field-label wpforms-label-hide\" for=\"wpforms-21-field_6\">Phone <span class=\"wpforms-required-label\">*<\/span><\/label><input type=\"text\" id=\"wpforms-21-field_6\" class=\"wpforms-field-large wpforms-field-required\" name=\"wpforms[fields][6]\" placeholder=\"Phone*\" required><\/div><div id=\"wpforms-21-field_3-container\" class=\"wpforms-field wpforms-field-text\" data-field-id=\"3\"><label class=\"wpforms-field-label wpforms-label-hide\" for=\"wpforms-21-field_3\">Subject* <span class=\"wpforms-required-label\">*<\/span><\/label><input type=\"text\" id=\"wpforms-21-field_3\" class=\"wpforms-field-large wpforms-field-required\" name=\"wpforms[fields][3]\" placeholder=\"Subject*\" required><\/div><div id=\"wpforms-21-field_2-container\" class=\"wpforms-field wpforms-field-textarea\" data-field-id=\"2\"><label class=\"wpforms-field-label wpforms-label-hide\" for=\"wpforms-21-field_2\">Message* <span class=\"wpforms-required-label\">*<\/span><\/label><textarea id=\"wpforms-21-field_2\" class=\"wpforms-field-medium wpforms-field-required\" name=\"wpforms[fields][2]\" placeholder=\"Message*\" required><\/textarea><\/div><div id=\"wpforms-21-field_7-container\" class=\"wpforms-field wpforms-field-checkbox\" data-field-id=\"7\"><label class=\"wpforms-field-label\" for=\"wpforms-21-field_7\">GDPR Agreement <span class=\"wpforms-required-label\">*<\/span><\/label><ul id=\"wpforms-21-field_7\" class=\"wpforms-field-required\"><li class=\"choice-1 depth-1\"><input type=\"checkbox\" id=\"wpforms-21-field_7_1\" name=\"wpforms[fields][7][]\" value=\"S posredovanjem osebnih podatkov sogla\u0161am, da moje podatke uporabite za obdelavo tega povpra\u0161evanja. \" required><label class=\"wpforms-field-label-inline\" for=\"wpforms-21-field_7_1\">I consent to having this website to store my submitted information so they can respond to my inquiry.<\/label><\/li><\/ul><\/div><\/div><!-- .wpforms-field-container --><div class=\"wpforms-field wpforms-field-hp\"><label for=\"wpforms-21-field-hp\" class=\"wpforms-field-label\">Name<\/label><input type=\"text\" name=\"wpforms[hp]\" id=\"wpforms-21-field-hp\" class=\"wpforms-field-medium\"><\/div><div class=\"wpforms-recaptcha-container wpforms-is-recaptcha wpforms-is-recaptcha-type-v2\" ><div class=\"g-recaptcha\" data-sitekey=\"6LftRfsUAAAAAPIpqo6lKKjeP6mp3mIB_u8YPeWK\"><\/div><input type=\"text\" name=\"g-recaptcha-hidden\" class=\"wpforms-recaptcha-hidden\" style=\"position:absolute!important;clip:rect(0,0,0,0)!important;height:1px!important;width:1px!important;border:0!important;overflow:hidden!important;padding:0!important;margin:0!important;\" data-rule-recaptcha=\"1\"><\/div><div class=\"wpforms-submit-container\" ><input type=\"hidden\" name=\"wpforms[id]\" value=\"21\"><input type=\"hidden\" name=\"wpforms[author]\" value=\"1\"><button type=\"submit\" name=\"wpforms[submit]\" id=\"wpforms-submit-21\" class=\"wpforms-submit\" data-alt-text=\"Po\u0161iljam...\" data-submit-text=\"Po\u0161lji Sporo\u010dilo\" aria-live=\"assertive\" value=\"wpforms-submit\">Send message<\/button><\/div><input type=\"hidden\" name=\"trp-form-language\" value=\"en\"\/><\/form><\/div>  <!-- .wpforms-container -->\t<\/div>\n\t\t\t\t<\/div>\n\t\t\t\t<\/div>\n\t\t\t\t\t\t<\/div>\n\t\t\t\t\t<\/div>\n\t\t<\/div>\n\t\t\t\t\t\t\t\t<\/div>\n\t\t\t\t\t<\/div>\n\t\t<\/section>\n\t\t\t\t\t\t\t\t\t<\/div>\n\t\t\t<\/div>\n\t\t\t\t\t<\/div>","protected":false},"excerpt":{"rendered":"<p>Dvigala in dvigala na gosenice Stopite z nami v stik Imate vpra\u0161anje glede nadgradnje tovornega vozila? Potrebujete servis ali popravilo za va\u0161o napravo? Imate idejo, ki bi jo radi izvedli pa ne veste kako? Kontaktirajte nas in skupaj se bomo potrudili poiskati re\u0161itev. KJE SMO Poslovna Enota Vogrsko To-Na d.o.o., 5293 Vol\u010dja Draga, Slovenija Sede\u017e &hellip;<\/p>\n<p class=\"read-more\"> <a class=\"\" href=\"https:\/\/to-na.si\/en\/dvigala-in-dvigala-na-gosenice\/\"> <span class=\"screen-reader-text\">Lifts and spider lifts<\/span> Read More &raquo;<\/a><\/p>","protected":false},"author":1,"featured_media":495,"parent":0,"menu_order":0,"comment_status":"closed","ping_status":"closed","template":"","meta":{"site-sidebar-layout":"default","site-content-layout":"page-builder","ast-main-header-display":"","ast-hfb-above-header-display":"","ast-hfb-below-header-display":"","ast-hfb-mobile-header-display":"","site-post-title":"disabled","ast-breadcrumbs-content":"","ast-featured-img":"disabled","footer-sml-layout":"","theme-transparent-header-meta":"enabled","adv-header-id-meta":"","stick-header-meta":"default","header-above-stick-meta":null,"header-main-stick-meta":"","header-below-stick-meta":null},"yoast_head":"<!-- This site is optimized with the Yoast SEO plugin v18.9 - https:\/\/yoast.com\/wordpress\/plugins\/seo\/ -->\n<title>Dvigala in dvigala na gosenice - ToNa d.o.o.<\/title>\n<meta name=\"description\" content=\"Dvigala in dvigala na gosenice ToNa Tovorne Nadgradnje d.o.o. Vogrsko, Slovenija.\" \/>\n<meta name=\"robots\" content=\"index, follow, max-snippet:-1, max-image-preview:large, max-video-preview:-1\" \/>\n<link rel=\"canonical\" href=\"https:\/\/to-na.si\/en\/dvigala-in-dvigala-na-gosenice\/\" \/>\n<meta property=\"og:locale\" content=\"en_US\" \/>\n<meta property=\"og:type\" content=\"article\" \/>\n<meta property=\"og:title\" content=\"Dvigala in dvigala na gosenice - ToNa d.o.o.\" \/>\n<meta property=\"og:description\" content=\"Dvigala in dvigala na gosenice ToNa Tovorne Nadgradnje d.o.o. Vogrsko, Slovenija.\" \/>\n<meta property=\"og:url\" content=\"https:\/\/to-na.si\/en\/dvigala-in-dvigala-na-gosenice\/\" \/>\n<meta property=\"og:site_name\" content=\"ToNa d.o.o.\" \/>\n<meta property=\"article:modified_time\" content=\"2024-02-12T11:18:45+00:00\" \/>\n<meta property=\"og:image\" content=\"https:\/\/to-na.si\/wp-content\/uploads\/2020\/05\/dvigala_plos\u030cc\u030cadi_to-na_zrac\u030cna_delovna_plos\u030cc\u030cad.jpg\" \/>\n\t<meta property=\"og:image:width\" content=\"1080\" \/>\n\t<meta property=\"og:image:height\" content=\"718\" \/>\n\t<meta property=\"og:image:type\" content=\"image\/jpeg\" \/>\n<meta name=\"twitter:card\" content=\"summary_large_image\" \/>\n<meta name=\"twitter:label1\" content=\"Est. reading time\" \/>\n\t<meta name=\"twitter:data1\" content=\"1 minute\" \/>\n<script type=\"application\/ld+json\" class=\"yoast-schema-graph\">{\"@context\":\"https:\/\/schema.org\",\"@graph\":[{\"@type\":\"WebSite\",\"@id\":\"https:\/\/to-na.si\/#website\",\"url\":\"https:\/\/to-na.si\/\",\"name\":\"ToNa d.o.o.\",\"description\":\"Tovorne Nadgradnje\",\"potentialAction\":[{\"@type\":\"SearchAction\",\"target\":{\"@type\":\"EntryPoint\",\"urlTemplate\":\"https:\/\/to-na.si\/?s={search_term_string}\"},\"query-input\":\"required name=search_term_string\"}],\"inLanguage\":\"en-US\"},{\"@type\":\"ImageObject\",\"inLanguage\":\"en-US\",\"@id\":\"https:\/\/to-na.si\/dvigala-in-dvigala-na-gosenice\/#primaryimage\",\"url\":\"https:\/\/to-na.si\/wp-content\/uploads\/2020\/05\/dvigala_plos\u030cc\u030cadi_to-na_zrac\u030cna_delovna_plos\u030cc\u030cad.jpg\",\"contentUrl\":\"https:\/\/to-na.si\/wp-content\/uploads\/2020\/05\/dvigala_plos\u030cc\u030cadi_to-na_zrac\u030cna_delovna_plos\u030cc\u030cad.jpg\",\"width\":1080,\"height\":718,\"caption\":\"Dvigala\"},{\"@type\":\"WebPage\",\"@id\":\"https:\/\/to-na.si\/dvigala-in-dvigala-na-gosenice\/#webpage\",\"url\":\"https:\/\/to-na.si\/dvigala-in-dvigala-na-gosenice\/\",\"name\":\"Dvigala in dvigala na gosenice - ToNa d.o.o.\",\"isPartOf\":{\"@id\":\"https:\/\/to-na.si\/#website\"},\"primaryImageOfPage\":{\"@id\":\"https:\/\/to-na.si\/dvigala-in-dvigala-na-gosenice\/#primaryimage\"},\"datePublished\":\"2020-05-21T18:11:29+00:00\",\"dateModified\":\"2024-02-12T11:18:45+00:00\",\"description\":\"Dvigala in dvigala na gosenice ToNa Tovorne Nadgradnje d.o.o. Vogrsko, Slovenija.\",\"breadcrumb\":{\"@id\":\"https:\/\/to-na.si\/dvigala-in-dvigala-na-gosenice\/#breadcrumb\"},\"inLanguage\":\"en-US\",\"potentialAction\":[{\"@type\":\"ReadAction\",\"target\":[\"https:\/\/to-na.si\/dvigala-in-dvigala-na-gosenice\/\"]}]},{\"@type\":\"BreadcrumbList\",\"@id\":\"https:\/\/to-na.si\/dvigala-in-dvigala-na-gosenice\/#breadcrumb\",\"itemListElement\":[{\"@type\":\"ListItem\",\"position\":1,\"name\":\"Home\",\"item\":\"https:\/\/to-na.si\/\"},{\"@type\":\"ListItem\",\"position\":2,\"name\":\"Dvigala in dvigala na gosenice\"}]}]}<\/script>\n<!-- \/ Yoast SEO plugin. -->","yoast_head_json":{"title":"Dvigala in dvigala na gosenice - ToNa d.o.o.","description":"Dvigala in dvigala na gosenice ToNa Tovorne Nadgradnje d.o.o. Vogrsko, Slovenija.","robots":{"index":"index","follow":"follow","max-snippet":"max-snippet:-1","max-image-preview":"max-image-preview:large","max-video-preview":"max-video-preview:-1"},"canonical":"https:\/\/to-na.si\/en\/dvigala-in-dvigala-na-gosenice\/","og_locale":"en_US","og_type":"article","og_title":"Dvigala in dvigala na gosenice - ToNa d.o.o.","og_description":"Dvigala in dvigala na gosenice ToNa Tovorne Nadgradnje d.o.o. Vogrsko, Slovenija.","og_url":"https:\/\/to-na.si\/en\/dvigala-in-dvigala-na-gosenice\/","og_site_name":"ToNa d.o.o.","article_modified_time":"2024-02-12T11:18:45+00:00","og_image":[{"width":1080,"height":718,"url":"https:\/\/to-na.si\/wp-content\/uploads\/2020\/05\/dvigala_plos\u030cc\u030cadi_to-na_zrac\u030cna_delovna_plos\u030cc\u030cad.jpg","type":"image\/jpeg"}],"twitter_card":"summary_large_image","twitter_misc":{"Est. reading time":"1 minute"},"schema":{"@context":"https:\/\/schema.org","@graph":[{"@type":"WebSite","@id":"https:\/\/to-na.si\/#website","url":"https:\/\/to-na.si\/","name":"ToNa d.o.o.","description":"Tovorne Nadgradnje","potentialAction":[{"@type":"SearchAction","target":{"@type":"EntryPoint","urlTemplate":"https:\/\/to-na.si\/?s={search_term_string}"},"query-input":"required name=search_term_string"}],"inLanguage":"en-US"},{"@type":"ImageObject","inLanguage":"en-US","@id":"https:\/\/to-na.si\/dvigala-in-dvigala-na-gosenice\/#primaryimage","url":"https:\/\/to-na.si\/wp-content\/uploads\/2020\/05\/dvigala_plos\u030cc\u030cadi_to-na_zrac\u030cna_delovna_plos\u030cc\u030cad.jpg","contentUrl":"https:\/\/to-na.si\/wp-content\/uploads\/2020\/05\/dvigala_plos\u030cc\u030cadi_to-na_zrac\u030cna_delovna_plos\u030cc\u030cad.jpg","width":1080,"height":718,"caption":"Dvigala"},{"@type":"WebPage","@id":"https:\/\/to-na.si\/dvigala-in-dvigala-na-gosenice\/#webpage","url":"https:\/\/to-na.si\/dvigala-in-dvigala-na-gosenice\/","name":"Dvigala in dvigala na gosenice - ToNa d.o.o.","isPartOf":{"@id":"https:\/\/to-na.si\/#website"},"primaryImageOfPage":{"@id":"https:\/\/to-na.si\/dvigala-in-dvigala-na-gosenice\/#primaryimage"},"datePublished":"2020-05-21T18:11:29+00:00","dateModified":"2024-02-12T11:18:45+00:00","description":"Dvigala in dvigala na gosenice ToNa Tovorne Nadgradnje d.o.o. Vogrsko, Slovenija.","breadcrumb":{"@id":"https:\/\/to-na.si\/dvigala-in-dvigala-na-gosenice\/#breadcrumb"},"inLanguage":"en-US","potentialAction":[{"@type":"ReadAction","target":["https:\/\/to-na.si\/dvigala-in-dvigala-na-gosenice\/"]}]},{"@type":"BreadcrumbList","@id":"https:\/\/to-na.si\/dvigala-in-dvigala-na-gosenice\/#breadcrumb","itemListElement":[{"@type":"ListItem","position":1,"name":"Home","item":"https:\/\/to-na.si\/"},{"@type":"ListItem","position":2,"name":"Dvigala in dvigala na gosenice"}]}]}},"_links":{"self":[{"href":"https:\/\/to-na.si\/en\/wp-json\/wp\/v2\/pages\/863"}],"collection":[{"href":"https:\/\/to-na.si\/en\/wp-json\/wp\/v2\/pages"}],"about":[{"href":"https:\/\/to-na.si\/en\/wp-json\/wp\/v2\/types\/page"}],"author":[{"embeddable":true,"href":"https:\/\/to-na.si\/en\/wp-json\/wp\/v2\/users\/1"}],"replies":[{"embeddable":true,"href":"https:\/\/to-na.si\/en\/wp-json\/wp\/v2\/comments?post=863"}],"version-history":[{"count":7,"href":"https:\/\/to-na.si\/en\/wp-json\/wp\/v2\/pages\/863\/revisions"}],"predecessor-version":[{"id":1126,"href":"https:\/\/to-na.si\/en\/wp-json\/wp\/v2\/pages\/863\/revisions\/1126"}],"wp:featuredmedia":[{"embeddable":true,"href":"https:\/\/to-na.si\/en\/wp-json\/wp\/v2\/media\/495"}],"wp:attachment":[{"href":"https:\/\/to-na.si\/en\/wp-json\/wp\/v2\/media?parent=863"}],"curies":[{"name":"wp","href":"https:\/\/api.w.org\/{rel}","templated":true}]}}